{"id":53819,"date":"2024-06-05T09:43:04","date_gmt":"2024-06-05T09:43:04","guid":{"rendered":"https:\/\/info.eurofirms.com\/es\/?page_id=53819"},"modified":"2024-07-01T09:40:31","modified_gmt":"2024-07-01T09:40:31","slug":"formulario-trabajador-agro","status":"publish","type":"page","link":"https:\/\/info.eurofirms.com\/es\/es\/formulario-trabajador-agro\/","title":{"rendered":"Formulario trabajador Agro"},"content":{"rendered":"\t\t<div data-elementor-type=\"wp-page\" data-elementor-id=\"53819\" class=\"elementor elementor-53819\" data-elementor-post-type=\"page\">\n\t\t\t\t\t\t<section class=\"elementor-section elementor-top-section elementor-element elementor-element-eb13a82 elementor-section-boxed elementor-section-height-default elementor-section-height-default\" data-id=\"eb13a82\" data-element_type=\"section\" data-e-type=\"section\">\n\t\t\t\t\t\t<div class=\"elementor-container elementor-column-gap-default\">\n\t\t\t\t\t<div class=\"elementor-column elementor-col-100 elementor-top-column elementor-element elementor-element-794858a\" data-id=\"794858a\" data-element_type=\"column\" data-e-type=\"column\">\n\t\t\t<div class=\"elementor-widget-wrap elementor-element-populated\">\n\t\t\t\t\t\t<div class=\"elementor-element elementor-element-85d166c elementor-widget elementor-widget-spacer\" data-id=\"85d166c\" data-element_type=\"widget\" data-e-type=\"widget\" data-widget_type=\"spacer.default\">\n\t\t\t\t<div class=\"elementor-widget-container\">\n\t\t\t\t\t\t\t<div class=\"elementor-spacer\">\n\t\t\t<div class=\"elementor-spacer-inner\"><\/div>\n\t\t<\/div>\n\t\t\t\t\t\t<\/div>\n\t\t\t\t<\/div>\n\t\t\t\t\t<\/div>\n\t\t<\/div>\n\t\t\t\t\t<\/div>\n\t\t<\/section>\n\t\t\t\t<section class=\"elementor-section elementor-top-section elementor-element elementor-element-7f07d69 elementor-section-boxed elementor-section-height-default elementor-section-height-default\" data-id=\"7f07d69\" data-element_type=\"section\" data-e-type=\"section\">\n\t\t\t\t\t\t<div class=\"elementor-container elementor-column-gap-default\">\n\t\t\t\t\t<div class=\"elementor-column elementor-col-50 elementor-top-column elementor-element elementor-element-c1a15b6\" data-id=\"c1a15b6\" data-element_type=\"column\" data-e-type=\"column\">\n\t\t\t<div class=\"elementor-widget-wrap elementor-element-populated\">\n\t\t\t\t\t\t<div class=\"elementor-element elementor-element-c0ad5d0 elementor-widget elementor-widget-image\" data-id=\"c0ad5d0\" data-element_type=\"widget\" data-e-type=\"widget\" data-widget_type=\"image.default\">\n\t\t\t\t<div class=\"elementor-widget-container\">\n\t\t\t\t\t\t\t\t\t\t\t\t\t\t\t<img fetchpriority=\"high\" decoding=\"async\" width=\"640\" height=\"333\" src=\"https:\/\/info.eurofirms.com\/es\/wp-content\/uploads\/sites\/2\/2024\/06\/cabecera_tomates-1024x533.png\" class=\"attachment-large size-large wp-image-53854\" alt=\"\" srcset=\"https:\/\/info.eurofirms.com\/es\/wp-content\/uploads\/sites\/2\/2024\/06\/cabecera_tomates-1024x533.png 1024w, https:\/\/info.eurofirms.com\/es\/wp-content\/uploads\/sites\/2\/2024\/06\/cabecera_tomates-300x156.png 300w, https:\/\/info.eurofirms.com\/es\/wp-content\/uploads\/sites\/2\/2024\/06\/cabecera_tomates-768x400.png 768w, https:\/\/info.eurofirms.com\/es\/wp-content\/uploads\/sites\/2\/2024\/06\/cabecera_tomates-1536x799.png 1536w, https:\/\/info.eurofirms.com\/es\/wp-content\/uploads\/sites\/2\/2024\/06\/cabecera_tomates-2048x1066.png 2048w\" sizes=\"(max-width: 640px) 100vw, 640px\" \/>\t\t\t\t\t\t\t\t\t\t\t\t\t\t\t<\/div>\n\t\t\t\t<\/div>\n\t\t\t\t<div class=\"elementor-element elementor-element-d4342bf elementor-widget elementor-widget-heading\" data-id=\"d4342bf\" data-element_type=\"widget\" data-e-type=\"widget\" data-widget_type=\"heading.default\">\n\t\t\t\t<div class=\"elementor-widget-container\">\n\t\t\t\t\t<h2 class=\"elementor-heading-title elementor-size-default\">Rellena el formulario y accede a las &lt;u <a href=\"change-\nunderline-color.php\" style=\"text-decoration: none;border-bottom: 4px solid #A8CC44;color: #000000\">ofertas del sector agrario<\/u> de Eurofirms<\/h2>\t\t\t\t<\/div>\n\t\t\t\t<\/div>\n\t\t\t\t<div class=\"elementor-element elementor-element-4239ff2 elementor-widget elementor-widget-text-editor\" data-id=\"4239ff2\" data-element_type=\"widget\" data-e-type=\"widget\" data-widget_type=\"text-editor.default\">\n\t\t\t\t<div class=\"elementor-widget-container\">\n\t\t\t\t\t\t\t\t\t<p><span style=\"caret-color: #000000; color: #000000; white-space: pre-wrap;\">En Eurofirms estamos buscando operarios agr\u00edcolas como t\u00fa, para la recolecci\u00f3n y plantaci\u00f3n de frutas y verduras.&nbsp;Rellena el formulario para acceder a nuestras ofertas.<\/span><\/p>\t\t\t\t\t\t\t\t<\/div>\n\t\t\t\t<\/div>\n\t\t\t\t\t<\/div>\n\t\t<\/div>\n\t\t\t\t<div class=\"elementor-column elementor-col-50 elementor-top-column elementor-element elementor-element-24cfd4a\" data-id=\"24cfd4a\" data-element_type=\"column\" data-e-type=\"column\">\n\t\t\t<div class=\"elementor-widget-wrap elementor-element-populated\">\n\t\t\t\t\t\t<div class=\"elementor-element elementor-element-309715c elementor-widget elementor-widget-shortcode\" data-id=\"309715c\" data-element_type=\"widget\" data-e-type=\"widget\" data-widget_type=\"shortcode.default\">\n\t\t\t\t<div class=\"elementor-widget-container\">\n\t\t\t\t\t\t\t<div class=\"elementor-shortcode\">\n<div class=\"wpcf7 no-js\" id=\"wpcf7-f53808-o1\" lang=\"es-ES\" dir=\"ltr\" data-wpcf7-id=\"53808\">\n<div class=\"screen-reader-response\"><p role=\"status\" aria-live=\"polite\" aria-atomic=\"true\"><\/p> <ul><\/ul><\/div>\n<form action=\"\/es\/es\/wp-json\/wp\/v2\/pages\/53819#wpcf7-f53808-o1\" method=\"post\" class=\"wpcf7-form init\" aria-label=\"Formulario de contacto\" novalidate=\"novalidate\" data-status=\"init\">\n<fieldset class=\"hidden-fields-container\"><input type=\"hidden\" name=\"_wpcf7\" value=\"53808\" \/><input type=\"hidden\" name=\"_wpcf7_version\" value=\"6.1.5\" \/><input type=\"hidden\" name=\"_wpcf7_locale\" value=\"es_ES\" \/><input type=\"hidden\" name=\"_wpcf7_unit_tag\" value=\"wpcf7-f53808-o1\" \/><input type=\"hidden\" name=\"_wpcf7_container_post\" value=\"0\" \/><input type=\"hidden\" name=\"_wpcf7_posted_data_hash\" value=\"\" \/><input type=\"hidden\" name=\"_wpcf7cf_hidden_group_fields\" value=\"[]\" \/><input type=\"hidden\" name=\"_wpcf7cf_hidden_groups\" value=\"[]\" \/><input type=\"hidden\" name=\"_wpcf7cf_visible_groups\" value=\"[]\" \/><input type=\"hidden\" name=\"_wpcf7cf_repeaters\" value=\"[]\" \/><input type=\"hidden\" name=\"_wpcf7cf_steps\" value=\"{}\" \/><input type=\"hidden\" name=\"_wpcf7cf_options\" value=\"{&quot;form_id&quot;:53808,&quot;conditions&quot;:[{&quot;then_field&quot;:&quot;-1&quot;,&quot;and_rules&quot;:[{&quot;if_field&quot;:&quot;-1&quot;,&quot;operator&quot;:&quot;equals&quot;,&quot;if_value&quot;:&quot;&quot;}]}],&quot;settings&quot;:{&quot;animation&quot;:&quot;yes&quot;,&quot;animation_intime&quot;:200,&quot;animation_outtime&quot;:200,&quot;conditions_ui&quot;:&quot;normal&quot;,&quot;notice_dismissed&quot;:false,&quot;notice_dismissed_rollback-cf7-6.1.1&quot;:true,&quot;notice_dismissed_rollback-cf7-6.1.2&quot;:true}}\" \/><input type=\"hidden\" name=\"_wpcf7dtx_version\" value=\"5.0.5\" \/>\n<\/fieldset>\n<div class=\"form-wrapper\">\n\t<div class=\"mdl-textfield mdl-js-textfield mdl-textfield--floating-label\">\n\t\t<p><span class=\"wpcf7-form-control-wrap\" data-name=\"Nombre\"><input size=\"40\" maxlength=\"400\" class=\"wpcf7-form-control wpcf7-text wpcf7-validates-as-required mdl-textfield__input\" id=\"nombre\" aria-required=\"true\" aria-invalid=\"false\" value=\"\" type=\"text\" name=\"Nombre\" \/><\/span><label class=\"mdl-textfield__label\" for=\"nombre\">Nombre*<\/label>\n\t\t<\/p>\n\t<\/div>\n\t<div class=\"mdl-textfield mdl-js-textfield mdl-textfield--floating-label\">\n\t\t<p><span class=\"wpcf7-form-control-wrap\" data-name=\"Apellidos\"><input size=\"40\" maxlength=\"400\" class=\"wpcf7-form-control wpcf7-text wpcf7-validates-as-required mdl-textfield__input\" aria-required=\"true\" aria-invalid=\"false\" value=\"\" type=\"text\" name=\"Apellidos\" \/><\/span><label class=\"mdl-textfield__label\" for=\"apellidos\">Apellidos*<\/label>\n\t\t<\/p>\n\t<\/div>\n\t<div class=\"mdl-textfield mdl-js-textfield mdl-textfield--floating-label\">\n\t\t<p><span class=\"wpcf7-form-control-wrap\" data-name=\"Telefono\"><input size=\"40\" maxlength=\"400\" class=\"wpcf7-form-control wpcf7-tel wpcf7-validates-as-required wpcf7-text wpcf7-validates-as-tel mdl-textfield__input\" id=\"telefono\" aria-required=\"true\" aria-invalid=\"false\" value=\"\" type=\"tel\" name=\"Telefono\" \/><\/span><label class=\"mdl-textfield__label\" for=\"telefono\">Tel\u00e9fono*<\/label>\n\t\t<\/p>\n\t<\/div>\n\t<div class=\"mdl-textfield mdl-js-textfield mdl-textfield--floating-label\">\n\t\t<p><span class=\"wpcf7-form-control-wrap\" data-name=\"Email\"><input size=\"40\" maxlength=\"400\" class=\"wpcf7-form-control wpcf7-email wpcf7-validates-as-required wpcf7-text wpcf7-validates-as-email mdl-textfield__input\" id=\"email\" aria-required=\"true\" aria-invalid=\"false\" value=\"\" type=\"email\" name=\"Email\" \/><\/span><label class=\"mdl-textfield__label\" for=\"email\">E-mail*<\/label>\n\t\t<\/p>\n\t<\/div>\n\t<p>Selecciona tu Provincia: <span class=\"wpcf7-form-control-wrap\" data-name=\"provincia\"><select class=\"wpcf7-form-control wpcf7-select wpcf7-validates-as-required\" aria-required=\"true\" aria-invalid=\"false\" name=\"provincia\"><option value=\"\">&#8212;Por favor, elige una opci\u00f3n&#8212;<\/option><option value=\"\"><\/option><option value=\"A Coru\u00f1a\">A Coru\u00f1a<\/option><option value=\"Albacete\">Albacete<\/option><option value=\"Alicante\">Alicante<\/option><option value=\"Almer\u00eda\">Almer\u00eda<\/option><option value=\"Asturias\">Asturias<\/option><option value=\"\u00c1lava\">\u00c1lava<\/option><option value=\"\u00c1vila\">\u00c1vila<\/option><option value=\"Badajoz\">Badajoz<\/option><option value=\"Baleares\">Baleares<\/option><option value=\"Barcelona\">Barcelona<\/option><option value=\"Burgos\">Burgos<\/option><option value=\"Cantabria\">Cantabria<\/option><option value=\"C\u00e1ceres\">C\u00e1ceres<\/option><option value=\"C\u00e1diz\">C\u00e1diz<\/option><option value=\"Castell\u00f3n\">Castell\u00f3n<\/option><option value=\"Ciudad Real\">Ciudad Real<\/option><option value=\"C\u00f3rdoba\">C\u00f3rdoba<\/option><option value=\"Cuenca\">Cuenca<\/option><option value=\"Girona\">Girona<\/option><option value=\"Granada\">Granada<\/option><option value=\"Guadalajara\">Guadalajara<\/option><option value=\"Guip\u00fazcoa\">Guip\u00fazcoa<\/option><option value=\"Huelva\">Huelva<\/option><option value=\"Huesca\">Huesca<\/option><option value=\"Jaen\">Jaen<\/option><option value=\"La Rioja\">La Rioja<\/option><option value=\"Le\u00f3n\">Le\u00f3n<\/option><option value=\"Lleida\">Lleida<\/option><option value=\"Lugo\">Lugo<\/option><option value=\"Madrid\">Madrid<\/option><option value=\"M\u00e1laga\">M\u00e1laga<\/option><option value=\"Murcia\">Murcia<\/option><option value=\"Navarra\">Navarra<\/option><option value=\"Ourense\">Ourense<\/option><option value=\"Palencia\">Palencia<\/option><option value=\"Pontevedra\">Pontevedra<\/option><option value=\"Salamanca\">Salamanca<\/option><option value=\"Segovia\">Segovia<\/option><option value=\"Sevilla\">Sevilla<\/option><option value=\"Soria\">Soria<\/option><option value=\"Tarragona\">Tarragona<\/option><option value=\"Teruel\">Teruel<\/option><option value=\"Toledo\">Toledo<\/option><option value=\"Valencia\">Valencia<\/option><option value=\"Valladolid\">Valladolid<\/option><option value=\"Vizcaya\">Vizcaya<\/option><option value=\"Zamora\">Zamora<\/option><option value=\"Zaragoza\">Zaragoza<\/option><\/select><\/span>\n\t<\/p>\n<input class=\"wpcf7-form-control wpcf7-hidden\" value=\"\" type=\"hidden\" name=\"provincia_visible\" \/>\n\t<p><script type=\"text\/javascript\">\n document.addEventListener('DOMContentLoaded', function() {\n var provinciaField = document.querySelector('select[name=\"provincia\"]');\n var provinciaVisibleField = document.querySelector('input[name=\"provincia_visible\"]');\n\n provinciaField.addEventListener('change', function() {\n var selectedOption = provinciaField.options[provinciaField.selectedIndex].text;\n provinciaVisibleField.value = selectedOption.trim();\n });\n });\n<\/script>\n\t<\/p>\n\t<p><span class=\"wpcf7-form-control-wrap dynamic_radio-907\" data-name=\"dynamic_radio-907\"><\/span>\n\t<\/p>\n\t<p>\u00bfTienes permiso de trabajo?\n\t<\/p>\n\t<p><span class=\"wpcf7-form-control-wrap\" data-name=\"permiso\"><span class=\"wpcf7-form-control wpcf7-checkbox wpcf7-validates-as-required\"><\/span><\/span><span class=\"wpcf7-form-control-wrap\" data-name=\"permiso\"><span class=\"wpcf7-form-control wpcf7-radio\"><span class=\"wpcf7-list-item first\"><label><input type=\"radio\" name=\"permiso\" value=\"S\u00ed\" \/><span class=\"wpcf7-list-item-label\">S\u00ed<\/span><\/label><\/span><span class=\"wpcf7-list-item last\"><label><input type=\"radio\" name=\"permiso\" value=\"No\" \/><span class=\"wpcf7-list-item-label\">No<\/span><\/label><\/span><\/span><\/span>\n\t<\/p>\n\t<p>\u00bfTienes experiencia previa en el campo?<br \/>\n<span class=\"wpcf7-form-control-wrap\" data-name=\"experiencia\"><span class=\"wpcf7-form-control wpcf7-checkbox wpcf7-validates-as-required\"><\/span><\/span><span class=\"wpcf7-form-control-wrap\" data-name=\"experiencia\"><span class=\"wpcf7-form-control wpcf7-radio\"><span class=\"wpcf7-list-item first\"><label><input type=\"radio\" name=\"experiencia\" value=\"S\u00ed\" \/><span class=\"wpcf7-list-item-label\">S\u00ed<\/span><\/label><\/span><span class=\"wpcf7-list-item last\"><label><input type=\"radio\" name=\"experiencia\" value=\"No\" \/><span class=\"wpcf7-list-item-label\">No<\/span><\/label><\/span><\/span><\/span>\n\t<\/p>\n<span class=\"wpcf7-form-control-wrap user_code\" data-name=\"user_code\"><input type=\"hidden\" name=\"user_code\" class=\"wpcf7-form-control wpcf7-hidden wpcf7dtx wpcf7dtx-hidden\" aria-invalid=\"false\" value=\"get_user_id\"><\/span>\n\t<div class=\"form-legal\" style=\"margin-top:25px;\">\n\t\t<p class=\"form-legal-title\"><i class=\"fal fa-info-circle\"><\/i> Informaci\u00f3n protecci\u00f3n de datos de Eurofirms Group\n\t\t<\/p>\n\t\t<p class=\"form-legal-text\">Finalidades: Env\u00edo de nuestro bolet\u00edn comercial y de comunicaciones informativas y publicitarias sobre nuestros productos o servicios que sean de su inter\u00e9s, incluso por medios electr\u00f3nicos. Derechos: Puede retirar su consentimiento en cualquier momento, as\u00ed como acceder, rectificar, suprimir sus datos y dem\u00e1s derechos en dpo@eurofirms.es. Informaci\u00f3n Adicional: Puede ampliar la informaci\u00f3n en el enlace de pol\u00edtica de privacidad.\n\t\t<\/p>\n\t\t<div class=\"legal-checks\">\n\t\t\t<p><span class=\"wpcf7-form-control-wrap\" data-name=\"Privacidad\"><span class=\"wpcf7-form-control wpcf7-acceptance\"><span class=\"wpcf7-list-item\"><label><input type=\"checkbox\" name=\"Privacidad\" value=\"1\" aria-invalid=\"false\" \/><span class=\"wpcf7-list-item-label\">He le\u00eddo y acepto la <a href=\"https:\/\/www.eurofirms.com\/es\/es\/terminos-legales\/#politica-privacidad\">pol\u00edtica de privacidad<\/a>.<\/span><\/label><\/span><\/span><\/span><br \/>\n<span class=\"wpcf7-form-control-wrap\" data-name=\"Comercial\"><span class=\"wpcf7-form-control wpcf7-acceptance optional\"><span class=\"wpcf7-list-item\"><label><input type=\"checkbox\" name=\"Comercial\" value=\"1\" aria-invalid=\"false\" \/><span class=\"wpcf7-list-item-label\">Acepto recibir informaci\u00f3n comercial, incluso por medios electr\u00f3nicos.<\/span><\/label><\/span><\/span><\/span>\n\t\t\t<\/p>\n\t\t<\/div>\n\t<\/div>\n<input class=\"wpcf7-form-control wpcf7-hidden\" value=\"Agro trabajador formulario\" type=\"hidden\" name=\"title\" \/>\n\t<div class=\"form-submit\">\n\t\t<p><input class=\"wpcf7-form-control wpcf7-submit has-spinner\" type=\"submit\" value=\"Enviar\" \/>\n\t\t<\/p>\n\t<\/div>\n<\/div><div class=\"wpcf7-response-output\" aria-hidden=\"true\"><\/div>\n<\/form>\n<\/div>\n<\/div>\n\t\t\t\t\t\t<\/div>\n\t\t\t\t<\/div>\n\t\t\t\t\t<\/div>\n\t\t<\/div>\n\t\t\t\t\t<\/div>\n\t\t<\/section>\n\t\t\t\t<section class=\"elementor-section elementor-top-section elementor-element elementor-element-9d51321 elementor-section-boxed elementor-section-height-default elementor-section-height-default\" data-id=\"9d51321\" data-element_type=\"section\" data-e-type=\"section\">\n\t\t\t\t\t\t<div class=\"elementor-container elementor-column-gap-default\">\n\t\t\t\t\t<div class=\"elementor-column elementor-col-100 elementor-top-column elementor-element elementor-element-9a2e4f6\" data-id=\"9a2e4f6\" data-element_type=\"column\" data-e-type=\"column\">\n\t\t\t<div class=\"elementor-widget-wrap\">\n\t\t\t\t\t\t\t<\/div>\n\t\t<\/div>\n\t\t\t\t\t<\/div>\n\t\t<\/section>\n\t\t\t\t<\/div>\n\t\t","protected":false},"excerpt":{"rendered":"<p>Rellena el formulario y accede a las<\/p>\n","protected":false},"author":2,"featured_media":0,"parent":0,"menu_order":0,"comment_status":"closed","ping_status":"closed","template":"","meta":{"inline_featured_image":false,"footnotes":""},"class_list":["post-53819","page","type-page","status-publish","hentry"],"acf":[],"yoast_head":"<!-- This site is optimized with the Yoast SEO plugin v27.0 - https:\/\/yoast.com\/product\/yoast-seo-wordpress\/ -->\n<title>Formulario trabajador Agro - Eurofirms<\/title>\n<meta name=\"robots\" content=\"index, follow, max-snippet:-1, max-image-preview:large, max-video-preview:-1\" \/>\n<link rel=\"canonical\" href=\"https:\/\/info.eurofirms.com\/es\/es\/formulario-trabajador-agro\/\" \/>\n<meta property=\"og:locale\" content=\"es_ES\" \/>\n<meta property=\"og:type\" content=\"article\" \/>\n<meta property=\"og:title\" content=\"Formulario trabajador Agro - Eurofirms\" \/>\n<meta property=\"og:description\" content=\"Rellena el formulario y accede a las\" \/>\n<meta property=\"og:url\" content=\"https:\/\/info.eurofirms.com\/es\/es\/formulario-trabajador-agro\/\" \/>\n<meta property=\"og:site_name\" content=\"Eurofirms\" \/>\n<meta property=\"article:modified_time\" content=\"2024-07-01T09:40:31+00:00\" \/>\n<meta property=\"og:image\" content=\"https:\/\/info.eurofirms.com\/es\/wp-content\/uploads\/sites\/2\/2024\/06\/cabecera_tomates-1024x533.png\" \/>\n<meta name=\"twitter:card\" content=\"summary_large_image\" \/>\n<meta name=\"twitter:label1\" content=\"Tiempo de lectura\" \/>\n\t<meta name=\"twitter:data1\" content=\"1 minuto\" \/>\n<script type=\"application\/ld+json\" class=\"yoast-schema-graph\">{\"@context\":\"https:\/\/schema.org\",\"@graph\":[{\"@type\":\"WebPage\",\"@id\":\"https:\/\/info.eurofirms.com\/es\/es\/formulario-trabajador-agro\/\",\"url\":\"https:\/\/info.eurofirms.com\/es\/es\/formulario-trabajador-agro\/\",\"name\":\"Formulario trabajador Agro - Eurofirms\",\"isPartOf\":{\"@id\":\"https:\/\/info.eurofirms.com\/es\/es\/#website\"},\"primaryImageOfPage\":{\"@id\":\"https:\/\/info.eurofirms.com\/es\/es\/formulario-trabajador-agro\/#primaryimage\"},\"image\":{\"@id\":\"https:\/\/info.eurofirms.com\/es\/es\/formulario-trabajador-agro\/#primaryimage\"},\"thumbnailUrl\":\"https:\/\/info.eurofirms.com\/es\/wp-content\/uploads\/sites\/2\/2024\/06\/cabecera_tomates-1024x533.png\",\"datePublished\":\"2024-06-05T09:43:04+00:00\",\"dateModified\":\"2024-07-01T09:40:31+00:00\",\"breadcrumb\":{\"@id\":\"https:\/\/info.eurofirms.com\/es\/es\/formulario-trabajador-agro\/#breadcrumb\"},\"inLanguage\":\"es\",\"potentialAction\":[{\"@type\":\"ReadAction\",\"target\":[\"https:\/\/info.eurofirms.com\/es\/es\/formulario-trabajador-agro\/\"]}]},{\"@type\":\"ImageObject\",\"inLanguage\":\"es\",\"@id\":\"https:\/\/info.eurofirms.com\/es\/es\/formulario-trabajador-agro\/#primaryimage\",\"url\":\"https:\/\/info.eurofirms.com\/es\/wp-content\/uploads\/sites\/2\/2024\/06\/cabecera_tomates-1024x533.png\",\"contentUrl\":\"https:\/\/info.eurofirms.com\/es\/wp-content\/uploads\/sites\/2\/2024\/06\/cabecera_tomates-1024x533.png\"},{\"@type\":\"BreadcrumbList\",\"@id\":\"https:\/\/info.eurofirms.com\/es\/es\/formulario-trabajador-agro\/#breadcrumb\",\"itemListElement\":[{\"@type\":\"ListItem\",\"position\":1,\"name\":\"Inici\",\"item\":\"https:\/\/info.eurofirms.com\/es\/es\/\"},{\"@type\":\"ListItem\",\"position\":2,\"name\":\"Formulario trabajador Agro\"}]},{\"@type\":\"WebSite\",\"@id\":\"https:\/\/info.eurofirms.com\/es\/es\/#website\",\"url\":\"https:\/\/info.eurofirms.com\/es\/es\/\",\"name\":\"Eurofirms\",\"description\":\"Ofertas de trabajo\",\"publisher\":{\"@id\":\"https:\/\/info.eurofirms.com\/es\/es\/#organization\"},\"potentialAction\":[{\"@type\":\"SearchAction\",\"target\":{\"@type\":\"EntryPoint\",\"urlTemplate\":\"https:\/\/info.eurofirms.com\/es\/es\/?s={search_term_string}\"},\"query-input\":{\"@type\":\"PropertyValueSpecification\",\"valueRequired\":true,\"valueName\":\"search_term_string\"}}],\"inLanguage\":\"es\"},{\"@type\":\"Organization\",\"@id\":\"https:\/\/info.eurofirms.com\/es\/es\/#organization\",\"name\":\"Eurofirms\",\"url\":\"https:\/\/info.eurofirms.com\/es\/es\/\",\"logo\":{\"@type\":\"ImageObject\",\"inLanguage\":\"es\",\"@id\":\"https:\/\/info.eurofirms.com\/es\/es\/#\/schema\/logo\/image\/\",\"url\":\"https:\/\/info.eurofirms.com\/es\/wp-content\/uploads\/sites\/2\/2023\/02\/Logo-Eurofirms.svg\",\"contentUrl\":\"https:\/\/info.eurofirms.com\/es\/wp-content\/uploads\/sites\/2\/2023\/02\/Logo-Eurofirms.svg\",\"width\":635,\"height\":186,\"caption\":\"Eurofirms\"},\"image\":{\"@id\":\"https:\/\/info.eurofirms.com\/es\/es\/#\/schema\/logo\/image\/\"}}]}<\/script>\n<!-- \/ Yoast SEO plugin. -->","yoast_head_json":{"title":"Formulario trabajador Agro - Eurofirms","robots":{"index":"index","follow":"follow","max-snippet":"max-snippet:-1","max-image-preview":"max-image-preview:large","max-video-preview":"max-video-preview:-1"},"canonical":"https:\/\/info.eurofirms.com\/es\/es\/formulario-trabajador-agro\/","og_locale":"es_ES","og_type":"article","og_title":"Formulario trabajador Agro - Eurofirms","og_description":"Rellena el formulario y accede a las","og_url":"https:\/\/info.eurofirms.com\/es\/es\/formulario-trabajador-agro\/","og_site_name":"Eurofirms","article_modified_time":"2024-07-01T09:40:31+00:00","og_image":[{"url":"https:\/\/info.eurofirms.com\/es\/wp-content\/uploads\/sites\/2\/2024\/06\/cabecera_tomates-1024x533.png","type":"","width":"","height":""}],"twitter_card":"summary_large_image","twitter_misc":{"Tiempo de lectura":"1 minuto"},"schema":{"@context":"https:\/\/schema.org","@graph":[{"@type":"WebPage","@id":"https:\/\/info.eurofirms.com\/es\/es\/formulario-trabajador-agro\/","url":"https:\/\/info.eurofirms.com\/es\/es\/formulario-trabajador-agro\/","name":"Formulario trabajador Agro - Eurofirms","isPartOf":{"@id":"https:\/\/info.eurofirms.com\/es\/es\/#website"},"primaryImageOfPage":{"@id":"https:\/\/info.eurofirms.com\/es\/es\/formulario-trabajador-agro\/#primaryimage"},"image":{"@id":"https:\/\/info.eurofirms.com\/es\/es\/formulario-trabajador-agro\/#primaryimage"},"thumbnailUrl":"https:\/\/info.eurofirms.com\/es\/wp-content\/uploads\/sites\/2\/2024\/06\/cabecera_tomates-1024x533.png","datePublished":"2024-06-05T09:43:04+00:00","dateModified":"2024-07-01T09:40:31+00:00","breadcrumb":{"@id":"https:\/\/info.eurofirms.com\/es\/es\/formulario-trabajador-agro\/#breadcrumb"},"inLanguage":"es","potentialAction":[{"@type":"ReadAction","target":["https:\/\/info.eurofirms.com\/es\/es\/formulario-trabajador-agro\/"]}]},{"@type":"ImageObject","inLanguage":"es","@id":"https:\/\/info.eurofirms.com\/es\/es\/formulario-trabajador-agro\/#primaryimage","url":"https:\/\/info.eurofirms.com\/es\/wp-content\/uploads\/sites\/2\/2024\/06\/cabecera_tomates-1024x533.png","contentUrl":"https:\/\/info.eurofirms.com\/es\/wp-content\/uploads\/sites\/2\/2024\/06\/cabecera_tomates-1024x533.png"},{"@type":"BreadcrumbList","@id":"https:\/\/info.eurofirms.com\/es\/es\/formulario-trabajador-agro\/#breadcrumb","itemListElement":[{"@type":"ListItem","position":1,"name":"Inici","item":"https:\/\/info.eurofirms.com\/es\/es\/"},{"@type":"ListItem","position":2,"name":"Formulario trabajador Agro"}]},{"@type":"WebSite","@id":"https:\/\/info.eurofirms.com\/es\/es\/#website","url":"https:\/\/info.eurofirms.com\/es\/es\/","name":"Eurofirms","description":"Ofertas de trabajo","publisher":{"@id":"https:\/\/info.eurofirms.com\/es\/es\/#organization"},"potentialAction":[{"@type":"SearchAction","target":{"@type":"EntryPoint","urlTemplate":"https:\/\/info.eurofirms.com\/es\/es\/?s={search_term_string}"},"query-input":{"@type":"PropertyValueSpecification","valueRequired":true,"valueName":"search_term_string"}}],"inLanguage":"es"},{"@type":"Organization","@id":"https:\/\/info.eurofirms.com\/es\/es\/#organization","name":"Eurofirms","url":"https:\/\/info.eurofirms.com\/es\/es\/","logo":{"@type":"ImageObject","inLanguage":"es","@id":"https:\/\/info.eurofirms.com\/es\/es\/#\/schema\/logo\/image\/","url":"https:\/\/info.eurofirms.com\/es\/wp-content\/uploads\/sites\/2\/2023\/02\/Logo-Eurofirms.svg","contentUrl":"https:\/\/info.eurofirms.com\/es\/wp-content\/uploads\/sites\/2\/2023\/02\/Logo-Eurofirms.svg","width":635,"height":186,"caption":"Eurofirms"},"image":{"@id":"https:\/\/info.eurofirms.com\/es\/es\/#\/schema\/logo\/image\/"}}]}},"_links":{"self":[{"href":"https:\/\/info.eurofirms.com\/es\/es\/wp-json\/wp\/v2\/pages\/53819","targetHints":{"allow":["GET"]}}],"collection":[{"href":"https:\/\/info.eurofirms.com\/es\/es\/wp-json\/wp\/v2\/pages"}],"about":[{"href":"https:\/\/info.eurofirms.com\/es\/es\/wp-json\/wp\/v2\/types\/page"}],"author":[{"embeddable":true,"href":"https:\/\/info.eurofirms.com\/es\/es\/wp-json\/wp\/v2\/users\/2"}],"replies":[{"embeddable":true,"href":"https:\/\/info.eurofirms.com\/es\/es\/wp-json\/wp\/v2\/comments?post=53819"}],"version-history":[{"count":23,"href":"https:\/\/info.eurofirms.com\/es\/es\/wp-json\/wp\/v2\/pages\/53819\/revisions"}],"predecessor-version":[{"id":54873,"href":"https:\/\/info.eurofirms.com\/es\/es\/wp-json\/wp\/v2\/pages\/53819\/revisions\/54873"}],"wp:attachment":[{"href":"https:\/\/info.eurofirms.com\/es\/es\/wp-json\/wp\/v2\/media?parent=53819"}],"curies":[{"name":"wp","href":"https:\/\/api.w.org\/{rel}","templated":true}]}}